{"id":50127,"date":"2025-05-24T05:15:19","date_gmt":"2025-05-24T05:15:19","guid":{"rendered":"https:\/\/nicknom.activaweb.net\/shop-online\/sin%20categor\u00eda\/colgador-personalizable-2\/"},"modified":"2025-06-18T09:16:40","modified_gmt":"2025-06-18T09:16:40","slug":"colgador-personalizable-2","status":"publish","type":"product","link":"https:\/\/nicknom.activaweb.net\/es\/shop-online\/personalizable\/colgador-personalizable-2\/","title":{"rendered":"Colgador personalizable 2"},"content":{"rendered":"<p>El perchero infantil es un producto \u00fanico personalizado hecho en exclusiva para cada uno de tus ni\u00f1os. Los percheros son objetos \u00fatiles e indispensables en una habitaci\u00f3n infantil.<br \/>\nTransformamos cualquier nombre o palabra en perchero. Ponemos dos bolas en los extremos donde puedes colgar chaquetas, sombreros, toallas, pa\u00f1uelos, trapos\u2026<br \/>\nHechos con hierro redondo de 6mm de di\u00e1metro y pintados lisos con el color que elijas.<br \/>\nLa tipograf\u00eda lettering es muy moderna y decorativa, es un regalo ideal para todas las edades.<br \/>\nSolo aceptamos nombres propios o palabras, no frases.  <\/p>\n","protected":false},"excerpt":{"rendered":"<p>El perchero infantil es un producto \u00fanico personalizado hecho en exclusiva para cada uno de tus ni\u00f1os. Los percheros son objetos \u00fatiles e indispensables en una habitaci\u00f3n infantil. <\/p>\n","protected":false},"featured_media":347,"template":"","meta":{"_acf_changed":false},"bloc-de-producte":[],"product_brand":[],"product_cat":[469],"product_tag":[],"class_list":{"0":"post-50127","1":"product","2":"type-product","3":"status-publish","4":"has-post-thumbnail","6":"product_cat-personalizable","8":"first","9":"instock","10":"taxable","11":"shipping-taxable","12":"purchasable","13":"product-type-variable"},"exclude_global_add_ons":true,"addons":[{"name":"Cantidades","type":"input_multiplier","position":0,"required":true,"title_format":"hide","default":"","description_enable":false,"description":null,"placeholder_enable":false,"placeholder":null,"display":"select","restrictions_type":"any_text","adjust_price":false,"price":"","price_type":"flat_fee","restrictions":true,"min":"3","max":"29","options":[],"id":1748875170},{"name":"Nombre","type":"custom_text","position":1,"required":true,"title_format":"hide","default":"","description_enable":false,"description":null,"placeholder_enable":false,"placeholder":null,"display":"select","restrictions_type":"any_text","adjust_price":false,"price":"","price_type":"flat_fee","restrictions":false,"min":"0","max":"0","options":[],"id":1748875171},{"name":"Perchero doble","type":"checkbox","position":2,"required":false,"title_format":"hide","default":"","description_enable":false,"description":null,"placeholder_enable":false,"placeholder":null,"display":"select","restrictions_type":"any_text","adjust_price":false,"price":"","price_type":"flat_fee","restrictions":false,"min":"0","max":"0","options":[{"label":"Perchero doble","price":"20","price_type":"quantity_based","image":0,"visibility":false}],"id":1748875172},{"name":"Pedido express","type":"checkbox","position":3,"required":false,"title_format":"hide","default":"","description_enable":false,"description":null,"placeholder_enable":false,"placeholder":null,"display":"select","restrictions_type":"any_text","adjust_price":false,"price":"","price_type":"flat_fee","restrictions":false,"min":"0","max":"0","options":[{"label":"Pedido express","price":"20","price_type":"quantity_based","image":0,"visibility":false}],"id":1748875173}],"acf":[],"_links":{"self":[{"href":"https:\/\/nicknom.activaweb.net\/es\/wp-json\/wp\/v2\/product\/50127","targetHints":{"allow":["GET"]}}],"collection":[{"href":"https:\/\/nicknom.activaweb.net\/es\/wp-json\/wp\/v2\/product"}],"about":[{"href":"https:\/\/nicknom.activaweb.net\/es\/wp-json\/wp\/v2\/types\/product"}],"version-history":[{"count":1,"href":"https:\/\/nicknom.activaweb.net\/es\/wp-json\/wp\/v2\/product\/50127\/revisions"}],"predecessor-version":[{"id":50163,"href":"https:\/\/nicknom.activaweb.net\/es\/wp-json\/wp\/v2\/product\/50127\/revisions\/50163"}],"wp:featuredmedia":[{"embeddable":true,"href":"https:\/\/nicknom.activaweb.net\/es\/wp-json\/wp\/v2\/media\/347"}],"wp:attachment":[{"href":"https:\/\/nicknom.activaweb.net\/es\/wp-json\/wp\/v2\/media?parent=50127"}],"wp:term":[{"taxonomy":"bloc-de-producte","embeddable":true,"href":"https:\/\/nicknom.activaweb.net\/es\/wp-json\/wp\/v2\/bloc-de-producte?post=50127"},{"taxonomy":"product_brand","embeddable":true,"href":"https:\/\/nicknom.activaweb.net\/es\/wp-json\/wp\/v2\/product_brand?post=50127"},{"taxonomy":"product_cat","embeddable":true,"href":"https:\/\/nicknom.activaweb.net\/es\/wp-json\/wp\/v2\/product_cat?post=50127"},{"taxonomy":"product_tag","embeddable":true,"href":"https:\/\/nicknom.activaweb.net\/es\/wp-json\/wp\/v2\/product_tag?post=50127"}],"curies":[{"name":"wp","href":"https:\/\/api.w.org\/{rel}","templated":true}]}}